{"id":244,"date":"2020-03-06T13:06:19","date_gmt":"2020-03-06T12:06:19","guid":{"rendered":"https:\/\/www.demaco.cz\/vasemu-uspechu-stavime-pevne-zaklady\/petr-smejkal\/"},"modified":"2024-04-29T10:13:54","modified_gmt":"2024-04-29T08:13:54","slug":"petr-smejkal","status":"publish","type":"page","link":"https:\/\/www.demaco.cz\/en\/who-we-are\/petr-smejkal\/","title":{"rendered":"PETR SMEJKAL"},"content":{"rendered":"\n<p>Petr is Demaco\u00b4s main Project Manager since end of 2019. He has more than 10 years of experience in project and construction management. <\/p>\n\n\n\n<p>Together with his team he works on property designs and selecting subcontractors of individual components. He is also responsible for smooth coordination and cooperation of subcontractors on the construction site, for communication with local authorities and for further steps leading to an on-time  delivery of the project at the highest quality.<\/p>\n\n\n\n<!--more Pokra\u010dovat ve \u010dten\u00ed \u00bb-->\n\n\n\n<p>Since 2014, after graduating from the Faculty of Civil Engineering of the Czech Technical University in Brno, he worked for CTP, the largest industrial property developer in Central Europe. In 2017 he became an independent project manager. Petr participated in successful projects for companies such as DHL, JCI, Raben, Faurecia, IAC, Adient, Ideal Automotive, ZF and others.  <\/p>\n","protected":false},"excerpt":{"rendered":"Petr is Demaco\u00b4s main Project Manager since end of 2019. He has more than 10 years of experience in project and construction management. Together with his team he works on property designs and selecting subcontractors of individual components. He is also responsible for smooth coordination and cooperation of subcontractors on the construction site, for communication&#8230;<div class=\"more\"><a class=\"view-article\" href=\"https:\/\/www.demaco.cz\/en\/who-we-are\/petr-smejkal\/\">Read more<\/a><\/div>","protected":false},"author":1,"featured_media":246,"parent":224,"menu_order":50,"comment_status":"closed","ping_status":"closed","template":"","meta":{"_editorskit_title_hidden":false,"_editorskit_reading_time":1,"_editorskit_is_block_options_detached":false,"_editorskit_block_options_position":"{}","_monsterinsights_skip_tracking":false,"_monsterinsights_sitenote_active":false,"_monsterinsights_sitenote_note":"","_monsterinsights_sitenote_category":0,"footnotes":""},"class_list":["post-244","page","type-page","status-publish","has-post-thumbnail","hentry"],"yoast_head":"<!-- This site is optimized with the Yoast SEO plugin v27.0 - https:\/\/yoast.com\/product\/yoast-seo-wordpress\/ -->\n<title>PETR SMEJKAL - Demaco s.r.o.<\/title>\n<meta name=\"robots\" content=\"index, follow, max-snippet:-1, max-image-preview:large, max-video-preview:-1\" \/>\n<link rel=\"canonical\" href=\"https:\/\/www.demaco.cz\/en\/who-we-are\/petr-smejkal\/\" \/>\n<meta property=\"og:locale\" content=\"en_US\" \/>\n<meta property=\"og:type\" content=\"article\" \/>\n<meta property=\"og:title\" content=\"PETR SMEJKAL - Demaco s.r.o.\" \/>\n<meta property=\"og:description\" content=\"Petr is Demaco\u00b4s main Project Manager since end of 2019. He has more than 10 years of experience in project and construction management. Together with his team he works on property designs and selecting subcontractors of individual components. He is also responsible for smooth coordination and cooperation of subcontractors on the construction site, for communication...Read more\" \/>\n<meta property=\"og:url\" content=\"https:\/\/www.demaco.cz\/en\/who-we-are\/petr-smejkal\/\" \/>\n<meta property=\"og:site_name\" content=\"Demaco s.r.o.\" \/>\n<meta property=\"article:modified_time\" content=\"2024-04-29T08:13:54+00:00\" \/>\n<meta property=\"og:image\" content=\"https:\/\/www.demaco.cz\/wp-content\/uploads\/2020\/03\/Smejkal-foto.jpg\" \/>\n\t<meta property=\"og:image:width\" content=\"600\" \/>\n\t<meta property=\"og:image:height\" content=\"564\" \/>\n\t<meta property=\"og:image:type\" content=\"image\/jpeg\" \/>\n<meta name=\"twitter:card\" content=\"summary_large_image\" \/>\n<meta name=\"twitter:label1\" content=\"Est. reading time\" \/>\n\t<meta name=\"twitter:data1\" content=\"1 minute\" \/>\n<script type=\"application\/ld+json\" class=\"yoast-schema-graph\">{\"@context\":\"https:\/\/schema.org\",\"@graph\":[{\"@type\":\"WebPage\",\"@id\":\"https:\/\/www.demaco.cz\/en\/who-we-are\/petr-smejkal\/\",\"url\":\"https:\/\/www.demaco.cz\/en\/who-we-are\/petr-smejkal\/\",\"name\":\"PETR SMEJKAL - Demaco s.r.o.\",\"isPartOf\":{\"@id\":\"https:\/\/demaco.cz.uvds32.active24.cz\/#website\"},\"primaryImageOfPage\":{\"@id\":\"https:\/\/www.demaco.cz\/en\/who-we-are\/petr-smejkal\/#primaryimage\"},\"image\":{\"@id\":\"https:\/\/www.demaco.cz\/en\/who-we-are\/petr-smejkal\/#primaryimage\"},\"thumbnailUrl\":\"https:\/\/www.demaco.cz\/wp-content\/uploads\/2020\/03\/Smejkal-foto.jpg\",\"datePublished\":\"2020-03-06T12:06:19+00:00\",\"dateModified\":\"2024-04-29T08:13:54+00:00\",\"breadcrumb\":{\"@id\":\"https:\/\/www.demaco.cz\/en\/who-we-are\/petr-smejkal\/#breadcrumb\"},\"inLanguage\":\"en-US\",\"potentialAction\":[{\"@type\":\"ReadAction\",\"target\":[\"https:\/\/www.demaco.cz\/en\/who-we-are\/petr-smejkal\/\"]}]},{\"@type\":\"ImageObject\",\"inLanguage\":\"en-US\",\"@id\":\"https:\/\/www.demaco.cz\/en\/who-we-are\/petr-smejkal\/#primaryimage\",\"url\":\"https:\/\/www.demaco.cz\/wp-content\/uploads\/2020\/03\/Smejkal-foto.jpg\",\"contentUrl\":\"https:\/\/www.demaco.cz\/wp-content\/uploads\/2020\/03\/Smejkal-foto.jpg\",\"width\":600,\"height\":564,\"caption\":\"Petr Smejkal developer Demaco\"},{\"@type\":\"BreadcrumbList\",\"@id\":\"https:\/\/www.demaco.cz\/en\/who-we-are\/petr-smejkal\/#breadcrumb\",\"itemListElement\":[{\"@type\":\"ListItem\",\"position\":1,\"name\":\"Dom\u016f\",\"item\":\"https:\/\/demaco.cz.uvds32.active24.cz\/\"},{\"@type\":\"ListItem\",\"position\":2,\"name\":\"We build solid foundations for your success\",\"item\":\"https:\/\/www.demaco.cz\/en\/kdo-jsme\/\"},{\"@type\":\"ListItem\",\"position\":3,\"name\":\"PETR SMEJKAL\"}]},{\"@type\":\"WebSite\",\"@id\":\"https:\/\/demaco.cz.uvds32.active24.cz\/#website\",\"url\":\"https:\/\/demaco.cz.uvds32.active24.cz\/\",\"name\":\"Demaco s.r.o.\",\"description\":\"Industrial real estate developer\",\"potentialAction\":[{\"@type\":\"SearchAction\",\"target\":{\"@type\":\"EntryPoint\",\"urlTemplate\":\"https:\/\/demaco.cz.uvds32.active24.cz\/?s={search_term_string}\"},\"query-input\":{\"@type\":\"PropertyValueSpecification\",\"valueRequired\":true,\"valueName\":\"search_term_string\"}}],\"inLanguage\":\"en-US\"}]}<\/script>\n<!-- \/ Yoast SEO plugin. -->","yoast_head_json":{"title":"PETR SMEJKAL - Demaco s.r.o.","robots":{"index":"index","follow":"follow","max-snippet":"max-snippet:-1","max-image-preview":"max-image-preview:large","max-video-preview":"max-video-preview:-1"},"canonical":"https:\/\/www.demaco.cz\/en\/who-we-are\/petr-smejkal\/","og_locale":"en_US","og_type":"article","og_title":"PETR SMEJKAL - Demaco s.r.o.","og_description":"Petr is Demaco\u00b4s main Project Manager since end of 2019. He has more than 10 years of experience in project and construction management. Together with his team he works on property designs and selecting subcontractors of individual components. He is also responsible for smooth coordination and cooperation of subcontractors on the construction site, for communication...Read more","og_url":"https:\/\/www.demaco.cz\/en\/who-we-are\/petr-smejkal\/","og_site_name":"Demaco s.r.o.","article_modified_time":"2024-04-29T08:13:54+00:00","og_image":[{"width":600,"height":564,"url":"https:\/\/www.demaco.cz\/wp-content\/uploads\/2020\/03\/Smejkal-foto.jpg","type":"image\/jpeg"}],"twitter_card":"summary_large_image","twitter_misc":{"Est. reading time":"1 minute"},"schema":{"@context":"https:\/\/schema.org","@graph":[{"@type":"WebPage","@id":"https:\/\/www.demaco.cz\/en\/who-we-are\/petr-smejkal\/","url":"https:\/\/www.demaco.cz\/en\/who-we-are\/petr-smejkal\/","name":"PETR SMEJKAL - Demaco s.r.o.","isPartOf":{"@id":"https:\/\/demaco.cz.uvds32.active24.cz\/#website"},"primaryImageOfPage":{"@id":"https:\/\/www.demaco.cz\/en\/who-we-are\/petr-smejkal\/#primaryimage"},"image":{"@id":"https:\/\/www.demaco.cz\/en\/who-we-are\/petr-smejkal\/#primaryimage"},"thumbnailUrl":"https:\/\/www.demaco.cz\/wp-content\/uploads\/2020\/03\/Smejkal-foto.jpg","datePublished":"2020-03-06T12:06:19+00:00","dateModified":"2024-04-29T08:13:54+00:00","breadcrumb":{"@id":"https:\/\/www.demaco.cz\/en\/who-we-are\/petr-smejkal\/#breadcrumb"},"inLanguage":"en-US","potentialAction":[{"@type":"ReadAction","target":["https:\/\/www.demaco.cz\/en\/who-we-are\/petr-smejkal\/"]}]},{"@type":"ImageObject","inLanguage":"en-US","@id":"https:\/\/www.demaco.cz\/en\/who-we-are\/petr-smejkal\/#primaryimage","url":"https:\/\/www.demaco.cz\/wp-content\/uploads\/2020\/03\/Smejkal-foto.jpg","contentUrl":"https:\/\/www.demaco.cz\/wp-content\/uploads\/2020\/03\/Smejkal-foto.jpg","width":600,"height":564,"caption":"Petr Smejkal developer Demaco"},{"@type":"BreadcrumbList","@id":"https:\/\/www.demaco.cz\/en\/who-we-are\/petr-smejkal\/#breadcrumb","itemListElement":[{"@type":"ListItem","position":1,"name":"Dom\u016f","item":"https:\/\/demaco.cz.uvds32.active24.cz\/"},{"@type":"ListItem","position":2,"name":"We build solid foundations for your success","item":"https:\/\/www.demaco.cz\/en\/kdo-jsme\/"},{"@type":"ListItem","position":3,"name":"PETR SMEJKAL"}]},{"@type":"WebSite","@id":"https:\/\/demaco.cz.uvds32.active24.cz\/#website","url":"https:\/\/demaco.cz.uvds32.active24.cz\/","name":"Demaco s.r.o.","description":"Industrial real estate developer","potentialAction":[{"@type":"SearchAction","target":{"@type":"EntryPoint","urlTemplate":"https:\/\/demaco.cz.uvds32.active24.cz\/?s={search_term_string}"},"query-input":{"@type":"PropertyValueSpecification","valueRequired":true,"valueName":"search_term_string"}}],"inLanguage":"en-US"}]}},"_links":{"self":[{"href":"https:\/\/www.demaco.cz\/en\/wp-json\/wp\/v2\/pages\/244","targetHints":{"allow":["GET"]}}],"collection":[{"href":"https:\/\/www.demaco.cz\/en\/wp-json\/wp\/v2\/pages"}],"about":[{"href":"https:\/\/www.demaco.cz\/en\/wp-json\/wp\/v2\/types\/page"}],"author":[{"embeddable":true,"href":"https:\/\/www.demaco.cz\/en\/wp-json\/wp\/v2\/users\/1"}],"replies":[{"embeddable":true,"href":"https:\/\/www.demaco.cz\/en\/wp-json\/wp\/v2\/comments?post=244"}],"version-history":[{"count":5,"href":"https:\/\/www.demaco.cz\/en\/wp-json\/wp\/v2\/pages\/244\/revisions"}],"predecessor-version":[{"id":1472,"href":"https:\/\/www.demaco.cz\/en\/wp-json\/wp\/v2\/pages\/244\/revisions\/1472"}],"up":[{"embeddable":true,"href":"https:\/\/www.demaco.cz\/en\/wp-json\/wp\/v2\/pages\/224"}],"wp:featuredmedia":[{"embeddable":true,"href":"https:\/\/www.demaco.cz\/en\/wp-json\/wp\/v2\/media\/246"}],"wp:attachment":[{"href":"https:\/\/www.demaco.cz\/en\/wp-json\/wp\/v2\/media?parent=244"}],"curies":[{"name":"wp","href":"https:\/\/api.w.org\/{rel}","templated":true}]}}