{"id":226,"date":"2020-03-06T13:05:08","date_gmt":"2020-03-06T12:05:08","guid":{"rendered":"https:\/\/www.demaco.cz\/vasemu-uspechu-stavime-pevne-zaklady\/tomas-budar\/"},"modified":"2024-04-29T09:47:38","modified_gmt":"2024-04-29T07:47:38","slug":"tomas-budar","status":"publish","type":"page","link":"https:\/\/www.demaco.cz\/en\/who-we-are\/tomas-budar\/","title":{"rendered":"TOM\u00c1\u0160 BUDA\u0158"},"content":{"rendered":"\n<p>Founding partner and one of Demaco managing directors. His team consisting out of designers, engineers, technologists and project managers, delivers turnkey industrial properties thanks to detailed knowledge of the entire process from acquisition of a&nbsp;facility od land to preparation of project documentation, obtaining all necessary permits, negotiating and securing contracts with subcontractors to construction itself.<\/p>\n\n\n\n<p>Tom\u00e1\u0161 has more than 20 years of experience in construction, management, development and acquisition of large industrial properties and parks not only in the Czech Republic, but also throughout Central Europe. <\/p>\n\n\n\n<p><\/p>\n\n\n\n<p><\/p>\n\n\n\n<!--more Pokra\u010dovat ve \u010dten\u00ed \u00bb-->\n\n\n\n<p>In 2003 he joined IBM Real Estate as project manager, where he participated in managing construction of IBM Global Service Delivery Center in Brno for more than 4&nbsp;000 employees. After completing this project in 2006, he joined development company CTP as project manager and soon he became regional director with responsibility for business development, operational and construction activities of CTP in South Moravia and in new countries such as Slovakia, Poland, Hungary, Romania, and Serbia. In 2018 he has started to provide complex services real estate development and construction project management. <\/p>\n\n\n\n<p>Some of the projects Tomas has been working on together with his team are:<\/p>\n\n\n\n<ul class=\"wp-block-list\">\n<li>Complete development services including turnkey construction for investor DRFG and for tenant Cataler (approx. 13&nbsp;500&nbsp;m<sup>2<\/sup>) in T\u00fdni\u0161t\u011b nad Orlic\u00ed, Czech Republic<\/li>\n\n\n\n<li>Complete development services including turnkey construction for investor Star Capital and for tenant Faurecia (approx. 19&nbsp;500&nbsp;m<sup>2<\/sup>) in Pardubice, Czech Republic<\/li>\n\n\n\n<li>Development of CTP\u2019s activities in the South Moravian Region, Czech Republic (approx. 500&nbsp;000&nbsp;m<sup>2<\/sup>)<\/li>\n\n\n\n<li>Acquisition and development of the Dev\u00ednsk\u00e1 Nov\u00e1 Ves, Slovakia (approx. 85&nbsp;000&nbsp;m<sup>2<\/sup>) <\/li>\n\n\n\n<li>Acquisition and development of industrial parks in Trnava, Nitra and Bratislava, Slovakia (total size approx. 100&nbsp;000&nbsp;m<sup>2<\/sup>)<\/li>\n\n\n\n<li>Development of built to suit project for for Metro C&amp;C (approx. 55&nbsp;000&nbsp;m<sup>2<\/sup>) in CTPark Prague North, Czech Republic<\/li>\n\n\n\n<li>Acquisition and development of CTPark Opole in Poland for IAC (approx. 12&nbsp;000&nbsp;m<sup>2<\/sup>) and Raben (approx. 2&nbsp;500&nbsp;m<sup>2<\/sup>)<\/li>\n\n\n\n<li>Acquisition and development of CTPark Voderady in Slovakia for Lear (approx. 20&nbsp;000&nbsp;m<sup>2<\/sup>)<\/li>\n\n\n\n<li>Acquisition and development R&amp;D center for Honeywell in Brno, Czech Republic (approx. 25&nbsp;000&nbsp;m<sup>2<\/sup>)<\/li>\n\n\n\n<li>Business development and construction of multimodal park Ostrava Airport in Mo\u0161nov, Czech Republic (approx. 60&nbsp;500&nbsp;m<sup>2<\/sup>)<\/li>\n<\/ul>\n","protected":false},"excerpt":{"rendered":"Founding partner and one of Demaco managing directors. His team consisting out of designers, engineers, technologists and project managers, delivers turnkey industrial properties thanks to detailed knowledge of the entire process from acquisition of a&nbsp;facility od land to preparation of project documentation, obtaining all necessary permits, negotiating and securing contracts with subcontractors to construction itself&#8230;.<div class=\"more\"><a class=\"view-article\" href=\"https:\/\/www.demaco.cz\/en\/who-we-are\/tomas-budar\/\">Read more<\/a><\/div>","protected":false},"author":1,"featured_media":228,"parent":224,"menu_order":5,"comment_status":"closed","ping_status":"closed","template":"","meta":{"_editorskit_title_hidden":false,"_editorskit_reading_time":1,"_editorskit_is_block_options_detached":false,"_editorskit_block_options_position":"{}","_monsterinsights_skip_tracking":false,"_monsterinsights_sitenote_active":false,"_monsterinsights_sitenote_note":"","_monsterinsights_sitenote_category":0,"footnotes":""},"class_list":["post-226","page","type-page","status-publish","has-post-thumbnail","hentry"],"yoast_head":"<!-- This site is optimized with the Yoast SEO plugin v27.0 - https:\/\/yoast.com\/product\/yoast-seo-wordpress\/ -->\n<title>TOM\u00c1\u0160 BUDA\u0158 - Demaco s.r.o.<\/title>\n<meta name=\"description\" content=\"Founding partner and one of Demaco managing directors. His team which consists out of designers, engineers, technologists and project managers, delivers turnkey industrial properties thanks to detailed knowledge of the entire process from acquisition of a facility od land to preparation of project documentation, obtaining all necessary permits, negotiating and securing contracts with subcontractors to construction itself.\" \/>\n<meta name=\"robots\" content=\"index, follow, max-snippet:-1, max-image-preview:large, max-video-preview:-1\" \/>\n<link rel=\"canonical\" href=\"https:\/\/www.demaco.cz\/en\/who-we-are\/tomas-budar\/\" \/>\n<meta property=\"og:locale\" content=\"en_US\" \/>\n<meta property=\"og:type\" content=\"article\" \/>\n<meta property=\"og:title\" content=\"TOM\u00c1\u0160 BUDA\u0158 - Demaco s.r.o.\" \/>\n<meta property=\"og:description\" content=\"Founding partner and one of Demaco managing directors. His team which consists out of designers, engineers, technologists and project managers, delivers turnkey industrial properties thanks to detailed knowledge of the entire process from acquisition of a facility od land to preparation of project documentation, obtaining all necessary permits, negotiating and securing contracts with subcontractors to construction itself.\" \/>\n<meta property=\"og:url\" content=\"https:\/\/www.demaco.cz\/en\/who-we-are\/tomas-budar\/\" \/>\n<meta property=\"og:site_name\" content=\"Demaco s.r.o.\" \/>\n<meta property=\"article:modified_time\" content=\"2024-04-29T07:47:38+00:00\" \/>\n<meta property=\"og:image\" content=\"https:\/\/www.demaco.cz\/wp-content\/uploads\/2020\/03\/Budar-foto.jpg\" \/>\n\t<meta property=\"og:image:width\" content=\"600\" \/>\n\t<meta property=\"og:image:height\" content=\"564\" \/>\n\t<meta property=\"og:image:type\" content=\"image\/jpeg\" \/>\n<meta name=\"twitter:card\" content=\"summary_large_image\" \/>\n<meta name=\"twitter:label1\" content=\"Est. reading time\" \/>\n\t<meta name=\"twitter:data1\" content=\"3 minutes\" \/>\n<script type=\"application\/ld+json\" class=\"yoast-schema-graph\">{\"@context\":\"https:\/\/schema.org\",\"@graph\":[{\"@type\":\"WebPage\",\"@id\":\"https:\/\/www.demaco.cz\/en\/who-we-are\/tomas-budar\/\",\"url\":\"https:\/\/www.demaco.cz\/en\/who-we-are\/tomas-budar\/\",\"name\":\"TOM\u00c1\u0160 BUDA\u0158 - Demaco s.r.o.\",\"isPartOf\":{\"@id\":\"https:\/\/demaco.cz.uvds32.active24.cz\/#website\"},\"primaryImageOfPage\":{\"@id\":\"https:\/\/www.demaco.cz\/en\/who-we-are\/tomas-budar\/#primaryimage\"},\"image\":{\"@id\":\"https:\/\/www.demaco.cz\/en\/who-we-are\/tomas-budar\/#primaryimage\"},\"thumbnailUrl\":\"https:\/\/www.demaco.cz\/wp-content\/uploads\/2020\/03\/Budar-foto.jpg\",\"datePublished\":\"2020-03-06T12:05:08+00:00\",\"dateModified\":\"2024-04-29T07:47:38+00:00\",\"description\":\"Founding partner and one of Demaco managing directors. His team which consists out of designers, engineers, technologists and project managers, delivers turnkey industrial properties thanks to detailed knowledge of the entire process from acquisition of a facility od land to preparation of project documentation, obtaining all necessary permits, negotiating and securing contracts with subcontractors to construction itself.\",\"breadcrumb\":{\"@id\":\"https:\/\/www.demaco.cz\/en\/who-we-are\/tomas-budar\/#breadcrumb\"},\"inLanguage\":\"en-US\",\"potentialAction\":[{\"@type\":\"ReadAction\",\"target\":[\"https:\/\/www.demaco.cz\/en\/who-we-are\/tomas-budar\/\"]}]},{\"@type\":\"ImageObject\",\"inLanguage\":\"en-US\",\"@id\":\"https:\/\/www.demaco.cz\/en\/who-we-are\/tomas-budar\/#primaryimage\",\"url\":\"https:\/\/www.demaco.cz\/wp-content\/uploads\/2020\/03\/Budar-foto.jpg\",\"contentUrl\":\"https:\/\/www.demaco.cz\/wp-content\/uploads\/2020\/03\/Budar-foto.jpg\",\"width\":600,\"height\":564,\"caption\":\"Tom\u00e1\u0161 Buda\u0159, Demaco, developer\"},{\"@type\":\"BreadcrumbList\",\"@id\":\"https:\/\/www.demaco.cz\/en\/who-we-are\/tomas-budar\/#breadcrumb\",\"itemListElement\":[{\"@type\":\"ListItem\",\"position\":1,\"name\":\"Dom\u016f\",\"item\":\"https:\/\/demaco.cz.uvds32.active24.cz\/\"},{\"@type\":\"ListItem\",\"position\":2,\"name\":\"We build solid foundations for your success\",\"item\":\"https:\/\/www.demaco.cz\/en\/kdo-jsme\/\"},{\"@type\":\"ListItem\",\"position\":3,\"name\":\"TOM\u00c1\u0160 BUDA\u0158\"}]},{\"@type\":\"WebSite\",\"@id\":\"https:\/\/demaco.cz.uvds32.active24.cz\/#website\",\"url\":\"https:\/\/demaco.cz.uvds32.active24.cz\/\",\"name\":\"Demaco s.r.o.\",\"description\":\"Industrial real estate developer\",\"potentialAction\":[{\"@type\":\"SearchAction\",\"target\":{\"@type\":\"EntryPoint\",\"urlTemplate\":\"https:\/\/demaco.cz.uvds32.active24.cz\/?s={search_term_string}\"},\"query-input\":{\"@type\":\"PropertyValueSpecification\",\"valueRequired\":true,\"valueName\":\"search_term_string\"}}],\"inLanguage\":\"en-US\"}]}<\/script>\n<!-- \/ Yoast SEO plugin. -->","yoast_head_json":{"title":"TOM\u00c1\u0160 BUDA\u0158 - Demaco s.r.o.","description":"Founding partner and one of Demaco managing directors. His team which consists out of designers, engineers, technologists and project managers, delivers turnkey industrial properties thanks to detailed knowledge of the entire process from acquisition of a facility od land to preparation of project documentation, obtaining all necessary permits, negotiating and securing contracts with subcontractors to construction itself.","robots":{"index":"index","follow":"follow","max-snippet":"max-snippet:-1","max-image-preview":"max-image-preview:large","max-video-preview":"max-video-preview:-1"},"canonical":"https:\/\/www.demaco.cz\/en\/who-we-are\/tomas-budar\/","og_locale":"en_US","og_type":"article","og_title":"TOM\u00c1\u0160 BUDA\u0158 - Demaco s.r.o.","og_description":"Founding partner and one of Demaco managing directors. His team which consists out of designers, engineers, technologists and project managers, delivers turnkey industrial properties thanks to detailed knowledge of the entire process from acquisition of a facility od land to preparation of project documentation, obtaining all necessary permits, negotiating and securing contracts with subcontractors to construction itself.","og_url":"https:\/\/www.demaco.cz\/en\/who-we-are\/tomas-budar\/","og_site_name":"Demaco s.r.o.","article_modified_time":"2024-04-29T07:47:38+00:00","og_image":[{"width":600,"height":564,"url":"https:\/\/www.demaco.cz\/wp-content\/uploads\/2020\/03\/Budar-foto.jpg","type":"image\/jpeg"}],"twitter_card":"summary_large_image","twitter_misc":{"Est. reading time":"3 minutes"},"schema":{"@context":"https:\/\/schema.org","@graph":[{"@type":"WebPage","@id":"https:\/\/www.demaco.cz\/en\/who-we-are\/tomas-budar\/","url":"https:\/\/www.demaco.cz\/en\/who-we-are\/tomas-budar\/","name":"TOM\u00c1\u0160 BUDA\u0158 - Demaco s.r.o.","isPartOf":{"@id":"https:\/\/demaco.cz.uvds32.active24.cz\/#website"},"primaryImageOfPage":{"@id":"https:\/\/www.demaco.cz\/en\/who-we-are\/tomas-budar\/#primaryimage"},"image":{"@id":"https:\/\/www.demaco.cz\/en\/who-we-are\/tomas-budar\/#primaryimage"},"thumbnailUrl":"https:\/\/www.demaco.cz\/wp-content\/uploads\/2020\/03\/Budar-foto.jpg","datePublished":"2020-03-06T12:05:08+00:00","dateModified":"2024-04-29T07:47:38+00:00","description":"Founding partner and one of Demaco managing directors. His team which consists out of designers, engineers, technologists and project managers, delivers turnkey industrial properties thanks to detailed knowledge of the entire process from acquisition of a facility od land to preparation of project documentation, obtaining all necessary permits, negotiating and securing contracts with subcontractors to construction itself.","breadcrumb":{"@id":"https:\/\/www.demaco.cz\/en\/who-we-are\/tomas-budar\/#breadcrumb"},"inLanguage":"en-US","potentialAction":[{"@type":"ReadAction","target":["https:\/\/www.demaco.cz\/en\/who-we-are\/tomas-budar\/"]}]},{"@type":"ImageObject","inLanguage":"en-US","@id":"https:\/\/www.demaco.cz\/en\/who-we-are\/tomas-budar\/#primaryimage","url":"https:\/\/www.demaco.cz\/wp-content\/uploads\/2020\/03\/Budar-foto.jpg","contentUrl":"https:\/\/www.demaco.cz\/wp-content\/uploads\/2020\/03\/Budar-foto.jpg","width":600,"height":564,"caption":"Tom\u00e1\u0161 Buda\u0159, Demaco, developer"},{"@type":"BreadcrumbList","@id":"https:\/\/www.demaco.cz\/en\/who-we-are\/tomas-budar\/#breadcrumb","itemListElement":[{"@type":"ListItem","position":1,"name":"Dom\u016f","item":"https:\/\/demaco.cz.uvds32.active24.cz\/"},{"@type":"ListItem","position":2,"name":"We build solid foundations for your success","item":"https:\/\/www.demaco.cz\/en\/kdo-jsme\/"},{"@type":"ListItem","position":3,"name":"TOM\u00c1\u0160 BUDA\u0158"}]},{"@type":"WebSite","@id":"https:\/\/demaco.cz.uvds32.active24.cz\/#website","url":"https:\/\/demaco.cz.uvds32.active24.cz\/","name":"Demaco s.r.o.","description":"Industrial real estate developer","potentialAction":[{"@type":"SearchAction","target":{"@type":"EntryPoint","urlTemplate":"https:\/\/demaco.cz.uvds32.active24.cz\/?s={search_term_string}"},"query-input":{"@type":"PropertyValueSpecification","valueRequired":true,"valueName":"search_term_string"}}],"inLanguage":"en-US"}]}},"_links":{"self":[{"href":"https:\/\/www.demaco.cz\/en\/wp-json\/wp\/v2\/pages\/226","targetHints":{"allow":["GET"]}}],"collection":[{"href":"https:\/\/www.demaco.cz\/en\/wp-json\/wp\/v2\/pages"}],"about":[{"href":"https:\/\/www.demaco.cz\/en\/wp-json\/wp\/v2\/types\/page"}],"author":[{"embeddable":true,"href":"https:\/\/www.demaco.cz\/en\/wp-json\/wp\/v2\/users\/1"}],"replies":[{"embeddable":true,"href":"https:\/\/www.demaco.cz\/en\/wp-json\/wp\/v2\/comments?post=226"}],"version-history":[{"count":9,"href":"https:\/\/www.demaco.cz\/en\/wp-json\/wp\/v2\/pages\/226\/revisions"}],"predecessor-version":[{"id":1464,"href":"https:\/\/www.demaco.cz\/en\/wp-json\/wp\/v2\/pages\/226\/revisions\/1464"}],"up":[{"embeddable":true,"href":"https:\/\/www.demaco.cz\/en\/wp-json\/wp\/v2\/pages\/224"}],"wp:featuredmedia":[{"embeddable":true,"href":"https:\/\/www.demaco.cz\/en\/wp-json\/wp\/v2\/media\/228"}],"wp:attachment":[{"href":"https:\/\/www.demaco.cz\/en\/wp-json\/wp\/v2\/media?parent=226"}],"curies":[{"name":"wp","href":"https:\/\/api.w.org\/{rel}","templated":true}]}}