{"id":1540,"date":"2024-05-01T08:48:53","date_gmt":"2024-05-01T06:48:53","guid":{"rendered":"https:\/\/www.demaco.cz\/?page_id=1540"},"modified":"2026-01-15T17:25:06","modified_gmt":"2026-01-15T16:25:06","slug":"lds-in-dmc-valmez","status":"publish","type":"page","link":"https:\/\/www.demaco.cz\/en\/lds-in-dmc-valmez\/","title":{"rendered":"LDS at\u00a0DMC ValMez"},"content":{"rendered":"\n<figure class=\"wp-block-image size-large is-resized\"><img loading=\"lazy\" decoding=\"async\" width=\"700\" height=\"237\" src=\"https:\/\/www.demaco.cz\/wp-content\/uploads\/2024\/06\/DMC-LDS-1-700x237.jpg\" alt=\"\" class=\"wp-image-1661\" style=\"width:242px;height:auto\" srcset=\"https:\/\/www.demaco.cz\/wp-content\/uploads\/2024\/06\/DMC-LDS-1-700x237.jpg 700w, https:\/\/www.demaco.cz\/wp-content\/uploads\/2024\/06\/DMC-LDS-1-250x85.jpg 250w, https:\/\/www.demaco.cz\/wp-content\/uploads\/2024\/06\/DMC-LDS-1-768x260.jpg 768w, https:\/\/www.demaco.cz\/wp-content\/uploads\/2024\/06\/DMC-LDS-1-120x41.jpg 120w, https:\/\/www.demaco.cz\/wp-content\/uploads\/2024\/06\/DMC-LDS-1.jpg 834w\" sizes=\"(max-width: 700px) 100vw, 700px\" \/><\/figure>\n\n\n\n<figure class=\"wp-block-image size-large is-style-default\"><img loading=\"lazy\" decoding=\"async\" width=\"700\" height=\"406\" src=\"https:\/\/www.demaco.cz\/wp-content\/uploads\/2024\/05\/Demaco_LDS-700x406.jpg\" alt=\"\" class=\"wp-image-1561\" style=\"aspect-ratio:16\/9;object-fit:cover\" srcset=\"https:\/\/www.demaco.cz\/wp-content\/uploads\/2024\/05\/Demaco_LDS-700x406.jpg 700w, https:\/\/www.demaco.cz\/wp-content\/uploads\/2024\/05\/Demaco_LDS-250x145.jpg 250w, https:\/\/www.demaco.cz\/wp-content\/uploads\/2024\/05\/Demaco_LDS-768x445.jpg 768w, https:\/\/www.demaco.cz\/wp-content\/uploads\/2024\/05\/Demaco_LDS-1536x890.jpg 1536w, https:\/\/www.demaco.cz\/wp-content\/uploads\/2024\/05\/Demaco_LDS-120x70.jpg 120w, https:\/\/www.demaco.cz\/wp-content\/uploads\/2024\/05\/Demaco_LDS.jpg 2048w\" sizes=\"(max-width: 700px) 100vw, 700px\" \/><\/figure>\n\n\n\n<div style=\"height:1em\" aria-hidden=\"true\" class=\"wp-block-spacer\"><\/div>\n\n\n\n<p>Since May 2024 we operate a&nbsp;local distribution network at our DMC ValMez. Through this we arrange for delivery of electricity and natural gas to all our clients who have their operations within the park or its surroundings. As owner and operator of this local distribution network we\u00b4re according to law fully responsible for it\u00b4s operation and maintenance. &nbsp;<\/p>\n\n\n\n<h3 class=\"wp-block-heading has-text-color has-link-color wp-elements-357c24f7d62e6df77e7b7f1adbe60340\" style=\"color:#9c5931;font-style:normal;font-weight:400;text-transform:uppercase\">Contact<\/h3>\n\n\n\n<p>DMC LDS ValMez s.r.o. (part of DEMACO group)<br>Za\u0161ovsk\u00e1 850<br>757&nbsp;01 Vala\u0161sk\u00e9 Mezi\u0159\u00ed\u010d\u00ed<br>I\u010cO: 09815571<br>E-mail:&nbsp;<a class=\"ek-link\" href=\"mailto:milan.klimunda@demaco.cz\">jaroslav.kaizr47@demaco.cz<\/a><\/p>\n\n\n\n<h2 class=\"wp-block-heading\">Downloads<\/h2>\n\n\n\n<ul class=\"wp-block-list downloads\">\n<li><a href=\"\/wp-content\/uploads\/2026\/01\/DMC-LDS-plan-rozvoje-2026-2030.pdf\">Pl\u00e1n rozvoje LDS na obdob\u00ed 2026 &#8211; 2030<\/a><\/li>\n\n\n\n<li><a href=\"\/wp-content\/uploads\/2025\/04\/Priprava-provozu-na-rok-2025.pdf\">Ro\u010dn\u00ed p\u0159\u00edprava provozu LDS na rok 2026<\/a><\/li>\n\n\n\n<li><a href=\"\/wp-content\/uploads\/2025\/04\/Havarijni-plan-LDS-2025.pdf\">Havarijn\u00ed pl\u00e1n<\/a><\/li>\n\n\n\n<li><a href=\"\/wp-content\/uploads\/2024\/04\/OPDE.docx\" class=\"ek-link\">Obchodn\u00ed podm\u00ednky<\/a><\/li>\n\n\n\n<li><a href=\"\/wp-content\/uploads\/2025\/04\/Vykaz-ke-Zprave-o-kvalite-a-urovni-udrzby_2024_DMC.docx\" target=\"_blank\" rel=\"noreferrer noopener\">V\u00fdkaz ke Zpr\u00e1v\u011b o&nbsp;kvalit\u011b a&nbsp;\u00farovni \u00fadr\u017eby 2024<\/a><\/li>\n<\/ul>\n\n\n\n<p><\/p>\n","protected":false},"excerpt":{"rendered":"Since May 2024 we operate a&nbsp;local distribution network at our DMC ValMez. Through this we arrange for delivery of electricity and natural gas to all our clients who have their operations within the park or its surroundings. As owner and operator of this local distribution network we\u00b4re according to law fully responsible for it\u00b4s operation&#8230;<div class=\"more\"><a class=\"view-article\" href=\"https:\/\/www.demaco.cz\/en\/lds-in-dmc-valmez\/\">Read more<\/a><\/div>","protected":false},"author":1,"featured_media":0,"parent":0,"menu_order":0,"comment_status":"closed","ping_status":"closed","template":"","meta":{"_editorskit_title_hidden":false,"_editorskit_reading_time":0,"_editorskit_is_block_options_detached":false,"_editorskit_block_options_position":"{}","_monsterinsights_skip_tracking":false,"_monsterinsights_sitenote_active":false,"_monsterinsights_sitenote_note":"","_monsterinsights_sitenote_category":0,"footnotes":""},"class_list":["post-1540","page","type-page","status-publish","hentry"],"yoast_head":"<!-- This site is optimized with the Yoast SEO plugin v27.0 - https:\/\/yoast.com\/product\/yoast-seo-wordpress\/ -->\n<title>LDS at\u00a0DMC ValMez - Demaco s.r.o.<\/title>\n<meta name=\"robots\" content=\"index, follow, max-snippet:-1, max-image-preview:large, max-video-preview:-1\" \/>\n<link rel=\"canonical\" href=\"https:\/\/www.demaco.cz\/en\/lds-in-dmc-valmez\/\" \/>\n<meta property=\"og:locale\" content=\"en_US\" \/>\n<meta property=\"og:type\" content=\"article\" \/>\n<meta property=\"og:title\" content=\"LDS at\u00a0DMC ValMez - Demaco s.r.o.\" \/>\n<meta property=\"og:description\" content=\"Since May 2024 we operate a&nbsp;local distribution network at our DMC ValMez. Through this we arrange for delivery of electricity and natural gas to all our clients who have their operations within the park or its surroundings. As owner and operator of this local distribution network we\u00b4re according to law fully responsible for it\u00b4s operation...Read more\" \/>\n<meta property=\"og:url\" content=\"https:\/\/www.demaco.cz\/en\/lds-in-dmc-valmez\/\" \/>\n<meta property=\"og:site_name\" content=\"Demaco s.r.o.\" \/>\n<meta property=\"article:modified_time\" content=\"2026-01-15T16:25:06+00:00\" \/>\n<meta property=\"og:image\" content=\"https:\/\/www.demaco.cz\/wp-content\/uploads\/2024\/06\/DMC-LDS-1.jpg\" \/>\n\t<meta property=\"og:image:width\" content=\"834\" \/>\n\t<meta property=\"og:image:height\" content=\"282\" \/>\n\t<meta property=\"og:image:type\" content=\"image\/jpeg\" \/>\n<meta name=\"twitter:card\" content=\"summary_large_image\" \/>\n<meta name=\"twitter:label1\" content=\"Est. reading time\" \/>\n\t<meta name=\"twitter:data1\" content=\"1 minute\" \/>\n<script type=\"application\/ld+json\" class=\"yoast-schema-graph\">{\"@context\":\"https:\/\/schema.org\",\"@graph\":[{\"@type\":\"WebPage\",\"@id\":\"https:\/\/www.demaco.cz\/en\/lds-in-dmc-valmez\/\",\"url\":\"https:\/\/www.demaco.cz\/en\/lds-in-dmc-valmez\/\",\"name\":\"LDS at\u00a0DMC ValMez - Demaco s.r.o.\",\"isPartOf\":{\"@id\":\"https:\/\/demaco.cz.uvds32.active24.cz\/#website\"},\"primaryImageOfPage\":{\"@id\":\"https:\/\/www.demaco.cz\/en\/lds-in-dmc-valmez\/#primaryimage\"},\"image\":{\"@id\":\"https:\/\/www.demaco.cz\/en\/lds-in-dmc-valmez\/#primaryimage\"},\"thumbnailUrl\":\"https:\/\/www.demaco.cz\/wp-content\/uploads\/2024\/06\/DMC-LDS-1-700x237.jpg\",\"datePublished\":\"2024-05-01T06:48:53+00:00\",\"dateModified\":\"2026-01-15T16:25:06+00:00\",\"breadcrumb\":{\"@id\":\"https:\/\/www.demaco.cz\/en\/lds-in-dmc-valmez\/#breadcrumb\"},\"inLanguage\":\"en-US\",\"potentialAction\":[{\"@type\":\"ReadAction\",\"target\":[\"https:\/\/www.demaco.cz\/en\/lds-in-dmc-valmez\/\"]}]},{\"@type\":\"ImageObject\",\"inLanguage\":\"en-US\",\"@id\":\"https:\/\/www.demaco.cz\/en\/lds-in-dmc-valmez\/#primaryimage\",\"url\":\"https:\/\/www.demaco.cz\/wp-content\/uploads\/2024\/06\/DMC-LDS-1-700x237.jpg\",\"contentUrl\":\"https:\/\/www.demaco.cz\/wp-content\/uploads\/2024\/06\/DMC-LDS-1-700x237.jpg\"},{\"@type\":\"BreadcrumbList\",\"@id\":\"https:\/\/www.demaco.cz\/en\/lds-in-dmc-valmez\/#breadcrumb\",\"itemListElement\":[{\"@type\":\"ListItem\",\"position\":1,\"name\":\"Dom\u016f\",\"item\":\"https:\/\/demaco.cz.uvds32.active24.cz\/\"},{\"@type\":\"ListItem\",\"position\":2,\"name\":\"LDS at\u00a0DMC ValMez\"}]},{\"@type\":\"WebSite\",\"@id\":\"https:\/\/demaco.cz.uvds32.active24.cz\/#website\",\"url\":\"https:\/\/demaco.cz.uvds32.active24.cz\/\",\"name\":\"Demaco s.r.o.\",\"description\":\"Industrial real estate developer\",\"potentialAction\":[{\"@type\":\"SearchAction\",\"target\":{\"@type\":\"EntryPoint\",\"urlTemplate\":\"https:\/\/demaco.cz.uvds32.active24.cz\/?s={search_term_string}\"},\"query-input\":{\"@type\":\"PropertyValueSpecification\",\"valueRequired\":true,\"valueName\":\"search_term_string\"}}],\"inLanguage\":\"en-US\"}]}<\/script>\n<!-- \/ Yoast SEO plugin. -->","yoast_head_json":{"title":"LDS at\u00a0DMC ValMez - Demaco s.r.o.","robots":{"index":"index","follow":"follow","max-snippet":"max-snippet:-1","max-image-preview":"max-image-preview:large","max-video-preview":"max-video-preview:-1"},"canonical":"https:\/\/www.demaco.cz\/en\/lds-in-dmc-valmez\/","og_locale":"en_US","og_type":"article","og_title":"LDS at\u00a0DMC ValMez - Demaco s.r.o.","og_description":"Since May 2024 we operate a&nbsp;local distribution network at our DMC ValMez. Through this we arrange for delivery of electricity and natural gas to all our clients who have their operations within the park or its surroundings. As owner and operator of this local distribution network we\u00b4re according to law fully responsible for it\u00b4s operation...Read more","og_url":"https:\/\/www.demaco.cz\/en\/lds-in-dmc-valmez\/","og_site_name":"Demaco s.r.o.","article_modified_time":"2026-01-15T16:25:06+00:00","og_image":[{"width":834,"height":282,"url":"https:\/\/www.demaco.cz\/wp-content\/uploads\/2024\/06\/DMC-LDS-1.jpg","type":"image\/jpeg"}],"twitter_card":"summary_large_image","twitter_misc":{"Est. reading time":"1 minute"},"schema":{"@context":"https:\/\/schema.org","@graph":[{"@type":"WebPage","@id":"https:\/\/www.demaco.cz\/en\/lds-in-dmc-valmez\/","url":"https:\/\/www.demaco.cz\/en\/lds-in-dmc-valmez\/","name":"LDS at\u00a0DMC ValMez - Demaco s.r.o.","isPartOf":{"@id":"https:\/\/demaco.cz.uvds32.active24.cz\/#website"},"primaryImageOfPage":{"@id":"https:\/\/www.demaco.cz\/en\/lds-in-dmc-valmez\/#primaryimage"},"image":{"@id":"https:\/\/www.demaco.cz\/en\/lds-in-dmc-valmez\/#primaryimage"},"thumbnailUrl":"https:\/\/www.demaco.cz\/wp-content\/uploads\/2024\/06\/DMC-LDS-1-700x237.jpg","datePublished":"2024-05-01T06:48:53+00:00","dateModified":"2026-01-15T16:25:06+00:00","breadcrumb":{"@id":"https:\/\/www.demaco.cz\/en\/lds-in-dmc-valmez\/#breadcrumb"},"inLanguage":"en-US","potentialAction":[{"@type":"ReadAction","target":["https:\/\/www.demaco.cz\/en\/lds-in-dmc-valmez\/"]}]},{"@type":"ImageObject","inLanguage":"en-US","@id":"https:\/\/www.demaco.cz\/en\/lds-in-dmc-valmez\/#primaryimage","url":"https:\/\/www.demaco.cz\/wp-content\/uploads\/2024\/06\/DMC-LDS-1-700x237.jpg","contentUrl":"https:\/\/www.demaco.cz\/wp-content\/uploads\/2024\/06\/DMC-LDS-1-700x237.jpg"},{"@type":"BreadcrumbList","@id":"https:\/\/www.demaco.cz\/en\/lds-in-dmc-valmez\/#breadcrumb","itemListElement":[{"@type":"ListItem","position":1,"name":"Dom\u016f","item":"https:\/\/demaco.cz.uvds32.active24.cz\/"},{"@type":"ListItem","position":2,"name":"LDS at\u00a0DMC ValMez"}]},{"@type":"WebSite","@id":"https:\/\/demaco.cz.uvds32.active24.cz\/#website","url":"https:\/\/demaco.cz.uvds32.active24.cz\/","name":"Demaco s.r.o.","description":"Industrial real estate developer","potentialAction":[{"@type":"SearchAction","target":{"@type":"EntryPoint","urlTemplate":"https:\/\/demaco.cz.uvds32.active24.cz\/?s={search_term_string}"},"query-input":{"@type":"PropertyValueSpecification","valueRequired":true,"valueName":"search_term_string"}}],"inLanguage":"en-US"}]}},"_links":{"self":[{"href":"https:\/\/www.demaco.cz\/en\/wp-json\/wp\/v2\/pages\/1540","targetHints":{"allow":["GET"]}}],"collection":[{"href":"https:\/\/www.demaco.cz\/en\/wp-json\/wp\/v2\/pages"}],"about":[{"href":"https:\/\/www.demaco.cz\/en\/wp-json\/wp\/v2\/types\/page"}],"author":[{"embeddable":true,"href":"https:\/\/www.demaco.cz\/en\/wp-json\/wp\/v2\/users\/1"}],"replies":[{"embeddable":true,"href":"https:\/\/www.demaco.cz\/en\/wp-json\/wp\/v2\/comments?post=1540"}],"version-history":[{"count":9,"href":"https:\/\/www.demaco.cz\/en\/wp-json\/wp\/v2\/pages\/1540\/revisions"}],"predecessor-version":[{"id":2167,"href":"https:\/\/www.demaco.cz\/en\/wp-json\/wp\/v2\/pages\/1540\/revisions\/2167"}],"wp:attachment":[{"href":"https:\/\/www.demaco.cz\/en\/wp-json\/wp\/v2\/media?parent=1540"}],"curies":[{"name":"wp","href":"https:\/\/api.w.org\/{rel}","templated":true}]}}